{"id":3161,"date":"2018-08-16T11:22:43","date_gmt":"2018-08-16T11:22:43","guid":{"rendered":"https:\/\/www.hotelvillaruimzicht.nl\/slapen-bij\/"},"modified":"2019-08-27T11:59:47","modified_gmt":"2019-08-27T11:59:47","slug":"uebernachten","status":"publish","type":"page","link":"https:\/\/www.hotelvillaruimzicht.nl\/de\/uebernachten\/","title":{"rendered":"\u00dcbernachten"},"content":{"rendered":"<div class=\"wpb-content-wrapper\"><p>[vc_row css_animation=&#8220;&#8220; row_type=&#8220;row&#8220; use_row_as_full_screen_section=&#8220;no&#8220; type=&#8220;full_width&#8220; angled_section=&#8220;no&#8220; text_align=&#8220;left&#8220; background_image_as_pattern=&#8220;without_pattern&#8220;][vc_column width=&#8220;1\/2&#8243;][vc_column_text]<\/p>\n<div class=\"jhH5U r-iqsrYfLBAO5E\" data-rtid=\"iqsrYfLBAO5E\">\n<div id=\"tw-ob\" class=\"tw-src-ltr\">\n<div class=\"oSioSc\">\n<div id=\"tw-target\">\n<div id=\"kAz1tf\" class=\"g9WsWb\">\n<div id=\"tw-target-text-container\" class=\"tw-ta-container tw-nfl\">\n<h3 id=\"tw-target-text\" class=\"tw-data-text tw-ta tw-text-medium\" dir=\"ltr\" style=\"text-align: center;\" data-placeholder=\"Vertaling\"><span lang=\"de\" tabindex=\"0\">Luxushotel in Achterhoek<\/span><\/h3>\n<\/div>\n<div id=\"z6maec\" class=\"tw-ta-container tw-nfl\">\n<pre class=\"tw-ta tw-text-small\"><\/pre>\n<\/div>\n<div id=\"tw-tmenu\" class=\"tw-menu\"><\/div>\n<\/div>\n<\/div>\n<\/div>\n<\/div>\n<div class=\"dURPtb\"><\/div>\n<div><\/div>\n<\/div>\n<p>[\/vc_column_text][vc_separator type=&#8220;small&#8220; position=&#8220;center&#8220; color=&#8220;#000000&#8243;][vc_empty_space height=&#8220;10px&#8220;][vc_column_text]\u00dcbernachten Sie in unserer traumhaften Villa! Alle 42 Hotelzimmer haben ihren eigenen Stil mit ihrer eigenen zeitgem\u00e4\u00dfen Einrichtung in der sich die Verbindung aus Vergangenheit und Gegenwart widerspiegelt \u2013 eine Kombination aus historischen Gem\u00e4uern und zeitgen\u00f6ssischem Design. Die komfortablen Betten erm\u00f6glichen einen angenehmen Schlaf. In unserer Villa k\u00f6nnen Sie Ihr Zimmer w\u00e4hlen \u2013 kein Zimmer ist wie das andere.<\/p>\n<p>&nbsp;<\/p>\n<p>Sind Sie ein \u201eBadetyp&#8220;? Dann w\u00e4hlen Sie eines unserer Wassererlebnis-Zimmer. Romantiker werden sich in einem unserer romantischen Zimmer wohl f\u00fchlen und f\u00fcr einen gesch\u00e4ftlichen Aufenthalt \u00fcbernachten Sie am besten in einem unserer komfortablen Lifestyle-Zimmer.[\/vc_column_text][vc_empty_space height=&#8220;20px&#8220;][vc_column_text]Von unserer Villa aus erreichen Sie das Zentrum von Doetinchem innerhalb von 10 Minuten. Hier gibt es viele Gesch\u00e4fte, Restaurants und Ausgehm\u00f6glichkeiten! M\u00f6chten Sie Achterhoek erkunden? Dann leihen Sie sich bei uns ein Fahrrad oder eine Vespa aus und genie\u00dfen die Fahrt entlang verschiedener Naturdenkm\u00e4ler.[\/vc_column_text][vc_empty_space height=&#8220;20px&#8220;][\/vc_column][vc_column width=&#8220;1\/2&#8243;][vc_single_image image=&#8220;1879&#8243; img_size=&#8220;600&#215;400&#8243; alignment=&#8220;center&#8220; onclick=&#8220;img_link_large&#8220; qode_css_animation=&#8220;&#8220;][\/vc_column][\/vc_row][vc_row css_animation=&#8220;&#8220; row_type=&#8220;row&#8220; use_row_as_full_screen_section=&#8220;no&#8220; type=&#8220;full_width&#8220; angled_section=&#8220;no&#8220; text_align=&#8220;left&#8220; background_image_as_pattern=&#8220;without_pattern&#8220;][vc_column][vc_empty_space][\/vc_column][\/vc_row][vc_row css_animation=&#8220;&#8220; row_type=&#8220;row&#8220; use_row_as_full_screen_section=&#8220;no&#8220; type=&#8220;full_width&#8220; angled_section=&#8220;no&#8220; text_align=&#8220;left&#8220; background_image_as_pattern=&#8220;without_pattern&#8220;][vc_column width=&#8220;1\/2&#8243;][vc_single_image image=&#8220;1503&#8243; img_size=&#8220;600&#215;400&#8243; qode_css_animation=&#8220;&#8220;][\/vc_column][vc_column width=&#8220;1\/2&#8243;][vc_column_text]<\/p>\n<h3 style=\"text-align: center;\">Nacht in der Villa Ruimzicht<\/h3>\n<p>[\/vc_column_text][vc_separator type=&#8220;small&#8220; position=&#8220;center&#8220; color=&#8220;#000000&#8243;][vc_empty_space height=&#8220;10px&#8220;][vc_column_text]In unserer Villa gleicht kein Raum dem anderen. Bist du ein &#8222;schlechter Typ&#8220;? Dann w\u00e4hlen Sie einen unserer Water Fun Rooms. Enthusiasten f\u00fcr eine romantische \u00dcbernachtung f\u00fchlen sich in einem unserer romantischen Zimmer wohler. Die Villa Ruimzicht ist auch ein ausgezeichneter Ausgangspunkt f\u00fcr gesch\u00e4ftliche \u00dcbernachtungen. Nach einem Arbeitstag k\u00f6nnen Sie sich in unseren komfortablen Lifestyle-Zimmern mit Arbeitsbereich entspannen.[\/vc_column_text][vc_empty_space height=&#8220;20px&#8220;][vc_column_text]Wenn Sie \u00fcber die Website des Hotels Villa Ruimzicht buchen, erhalten Sie von uns einen zus\u00e4tzlichen Rabatt von 5 \u20ac.[\/vc_column_text][vc_empty_space height=&#8220;20px&#8220;][\/vc_column][\/vc_row][vc_row css_animation=&#8220;&#8220; row_type=&#8220;row&#8220; use_row_as_full_screen_section=&#8220;no&#8220; type=&#8220;full_width&#8220; angled_section=&#8220;no&#8220; text_align=&#8220;left&#8220; background_image_as_pattern=&#8220;without_pattern&#8220;][vc_column][vc_empty_space][\/vc_column][\/vc_row][vc_row css_animation=&#8220;&#8220; row_type=&#8220;row&#8220; use_row_as_full_screen_section=&#8220;no&#8220; type=&#8220;full_width&#8220; angled_section=&#8220;no&#8220; text_align=&#8220;left&#8220; background_image_as_pattern=&#8220;without_pattern&#8220; css=&#8220;.vc_custom_1557400810970{margin-right: 5px !important;margin-left: 5px !important;background-image: url(https:\/\/www.hotelvillaruimzicht.nl\/wp-content\/uploads\/2019\/02\/31.jpg?id=1562) !important;}&#8220; z_index=&#8220;&#8220;][vc_column][vc_empty_space height=&#8220;200px&#8220;][vc_empty_space height=&#8220;200px&#8220;][\/vc_column][\/vc_row][vc_row css_animation=&#8220;&#8220; row_type=&#8220;row&#8220; use_row_as_full_screen_section=&#8220;no&#8220; type=&#8220;full_width&#8220; angled_section=&#8220;no&#8220; text_align=&#8220;left&#8220; background_image_as_pattern=&#8220;without_pattern&#8220; css=&#8220;.vc_custom_1553532557384{margin-top: 40px !important;margin-bottom: 40px !important;}&#8220; z_index=&#8220;&#8220;][vc_column][vc_empty_space][vc_widget_sidebar sidebar_id=&#8220;bookings_form_inline&#8220;][\/vc_column][\/vc_row][vc_row css_animation=&#8220;&#8220; row_type=&#8220;row&#8220; use_row_as_full_screen_section=&#8220;no&#8220; type=&#8220;full_width&#8220; angled_section=&#8220;no&#8220; text_align=&#8220;left&#8220; background_image_as_pattern=&#8220;without_pattern&#8220;][vc_column][vc_empty_space][\/vc_column][\/vc_row][vc_row css_animation=&#8220;&#8220; row_type=&#8220;row&#8220; use_row_as_full_screen_section=&#8220;no&#8220; type=&#8220;full_width&#8220; angled_section=&#8220;no&#8220; text_align=&#8220;left&#8220; background_image_as_pattern=&#8220;without_pattern&#8220;][vc_column width=&#8220;1\/2&#8243;][vc_column_text]<\/p>\n<div class=\"jhH5U r-iqsrYfLBAO5E\" data-rtid=\"iqsrYfLBAO5E\">\n<div id=\"tw-ob\" class=\"tw-src-ltr\">\n<div class=\"oSioSc\">\n<div id=\"tw-target\">\n<div id=\"kAz1tf\" class=\"g9WsWb\">\n<div id=\"tw-target-text-container\" class=\"tw-ta-container tw-nfl\">\n<h3 id=\"tw-target-text\" class=\"tw-data-text tw-ta tw-text-large\" dir=\"ltr\" style=\"text-align: center;\" data-placeholder=\"Vertaling\"><b><span lang=\"DE\">Hotelausstattung <\/span><\/b><\/h3>\n<pre class=\"tw-ta tw-text-large\" lang=\"de\"><\/pre>\n<\/div>\n<div id=\"z6maec\" class=\"tw-ta-container tw-nfl\">\n<pre class=\"tw-ta tw-text-small\"><\/pre>\n<\/div>\n<\/div>\n<\/div>\n<\/div>\n<\/div>\n<\/div>\n<p>[\/vc_column_text][vc_separator type=&#8220;small&#8220; position=&#8220;center&#8220;][vc_empty_space height=&#8220;10px&#8220;][vc_column_text]Neben der umfangreichen Hotelausstattung sorgen unsere Mitarbeiter daf\u00fcr, dass sich unsere G\u00e4ste rundum wohlf\u00fchlen. Bitte teilen Sie uns Ihre W\u00fcnsche mit und wir freuen uns, Ihren Aufenthalt so angenehm wie m\u00f6glich zu gestalten.[\/vc_column_text][vc_empty_space height=&#8220;20px&#8220;][\/vc_column][vc_column width=&#8220;1\/2&#8243;][vc_single_image image=&#8220;1678&#8243; img_size=&#8220;600&#215;400&#8243; qode_css_animation=&#8220;&#8220;][\/vc_column][\/vc_row][vc_row css_animation=&#8220;&#8220; row_type=&#8220;row&#8220; use_row_as_full_screen_section=&#8220;no&#8220; type=&#8220;full_width&#8220; angled_section=&#8220;no&#8220; text_align=&#8220;left&#8220; background_image_as_pattern=&#8220;without_pattern&#8220;][vc_column][vc_empty_space][\/vc_column][\/vc_row][vc_row css_animation=&#8220;&#8220; row_type=&#8220;row&#8220; use_row_as_full_screen_section=&#8220;no&#8220; type=&#8220;full_width&#8220; angled_section=&#8220;no&#8220; text_align=&#8220;left&#8220; background_image_as_pattern=&#8220;without_pattern&#8220;][vc_column width=&#8220;1\/2&#8243;][vc_single_image image=&#8220;2690&#8243; img_size=&#8220;600&#215;400&#8243; qode_css_animation=&#8220;&#8220;][\/vc_column][vc_column width=&#8220;1\/2&#8243;][vc_column_text]<\/p>\n<div class=\"jhH5U r-iqsrYfLBAO5E\" data-rtid=\"iqsrYfLBAO5E\">\n<div id=\"tw-ob\" class=\"tw-src-ltr\">\n<div class=\"oSioSc\">\n<div id=\"tw-target\">\n<div id=\"kAz1tf\" class=\"g9WsWb\">\n<div id=\"tw-target-text-container\" class=\"tw-ta-container tw-nfl\">\n<h3 id=\"tw-target-text\" class=\"tw-data-text tw-ta tw-text-medium\" dir=\"ltr\" style=\"text-align: center;\" data-placeholder=\"Vertaling\"><b><span lang=\"DE\">Arrangements <\/span><\/b><\/h3>\n<pre class=\"tw-ta tw-text-large\" lang=\"de\"><\/pre>\n<\/div>\n<div id=\"z6maec\" class=\"tw-ta-container tw-nfl\">\n<pre id=\"tw-target-rmn\" class=\"tw-data-placeholder tw-ta tw-text-small\" dir=\"ltr\" data-placeholder=\"\"><\/pre>\n<pre class=\"tw-ta tw-text-small\"><\/pre>\n<\/div>\n<div id=\"tw-tmenu\" class=\"tw-menu\"><\/div>\n<\/div>\n<\/div>\n<\/div>\n<\/div>\n<div class=\"dURPtb\"><\/div>\n<div>\n<h3 class=\"iJvqZYaslaqs-pvVKlfEP0Yk\"><\/h3>\n<\/div>\n<\/div>\n<p>[\/vc_column_text][vc_separator type=&#8220;small&#8220; position=&#8220;center&#8220;][vc_empty_space height=&#8220;10px&#8220;][vc_column_text]Kombinieren Sie Ihre Reise nach Achterhoek mit einem besonderen Aufenthalt bei uns in der Villa. Wir haben f\u00fcr Sie exklusive Arrangements zusammengestellt. Sofern Sie noch weitere W\u00fcnsche haben, steht Ihnen unser ideenreiches Team sehr gerne zur Verf\u00fcgung.[\/vc_column_text][vc_empty_space height=&#8220;20px&#8220;]<a  itemprop=\"url\" href=\"https:\/\/www.hotelvillaruimzicht.nl\/de\/uebernachten\/arrangements\/\" target=\"_self\"  class=\"qbutton  center white default\" style=\"\">Finden Sie das perfekte Arrangement<\/a>[\/vc_column][\/vc_row][vc_row css_animation=&#8220;&#8220; row_type=&#8220;row&#8220; use_row_as_full_screen_section=&#8220;no&#8220; type=&#8220;full_width&#8220; angled_section=&#8220;no&#8220; text_align=&#8220;left&#8220; background_image_as_pattern=&#8220;without_pattern&#8220;][vc_column][vc_empty_space][\/vc_column][\/vc_row]<\/p>\n<\/div>","protected":false},"excerpt":{"rendered":"<p>[vc_row css_animation=&#8220;&#8220; row_type=&#8220;row&#8220; use_row_as_full_screen_section=&#8220;no&#8220; type=&#8220;full_width&#8220; angled_section=&#8220;no&#8220; text_align=&#8220;left&#8220; background_image_as_pattern=&#8220;without_pattern&#8220;][vc_column width=&#8220;1\/2&#8243;][vc_column_text] Luxushotel in Achterhoek [\/vc_column_text][vc_separator type=&#8220;small&#8220; position=&#8220;center&#8220; color=&#8220;#000000&#8243;][vc_empty_space height=&#8220;10px&#8220;][vc_column_text]\u00dcbernachten Sie in unserer traumhaften Villa! Alle 42 Hotelzimmer haben ihren eigenen Stil mit ihrer eigenen zeitgem\u00e4\u00dfen Einrichtung in der sich die Verbindung aus Vergangenheit und Gegenwart widerspiegelt \u2013 eine Kombination aus historischen Gem\u00e4uern&#8230;<\/p>\n","protected":false},"author":2,"featured_media":0,"parent":0,"menu_order":0,"comment_status":"closed","ping_status":"closed","template":"page_hotel.php","meta":{"_acf_changed":false,"_joinchat":[],"footnotes":""},"class_list":["post-3161","page","type-page","status-publish","hentry"],"acf":[],"yoast_head":"<!-- This site is optimized with the Yoast SEO plugin v27.4 - https:\/\/yoast.com\/product\/yoast-seo-wordpress\/ -->\n<title>\u00dcbernachten - Hotel Villa Ruimzicht - Slapen bij Hotel Villa Ruimzicht<\/title>\n<meta name=\"description\" content=\"Profiteer van de laagste prijs garantie bij Hotel Villa Ruimzicht in Doetinchem. Comfortabel slapen in onze eigentijdse themakamers.\" \/>\n<meta name=\"robots\" content=\"index, follow, max-snippet:-1, max-image-preview:large, max-video-preview:-1\" \/>\n<link rel=\"canonical\" href=\"https:\/\/www.hotelvillaruimzicht.nl\/de\/uebernachten\/\" \/>\n<meta property=\"og:locale\" content=\"de_DE\" \/>\n<meta property=\"og:type\" content=\"article\" \/>\n<meta property=\"og:title\" content=\"\u00dcbernachten - Hotel Villa Ruimzicht - Slapen bij Hotel Villa Ruimzicht\" \/>\n<meta property=\"og:description\" content=\"Profiteer van de laagste prijs garantie bij Hotel Villa Ruimzicht in Doetinchem. Comfortabel slapen in onze eigentijdse themakamers.\" \/>\n<meta property=\"og:url\" content=\"https:\/\/www.hotelvillaruimzicht.nl\/de\/uebernachten\/\" \/>\n<meta property=\"og:site_name\" content=\"Hotel Villa Ruimzicht\" \/>\n<meta property=\"article:modified_time\" content=\"2019-08-27T11:59:47+00:00\" \/>\n<meta name=\"twitter:card\" content=\"summary_large_image\" \/>\n<meta name=\"twitter:label1\" content=\"Gesch\u00e4tzte Lesezeit\" \/>\n\t<meta name=\"twitter:data1\" content=\"5\u00a0Minuten\" \/>\n<script type=\"application\/ld+json\" class=\"yoast-schema-graph\">{\"@context\":\"https:\\\/\\\/schema.org\",\"@graph\":[{\"@type\":\"WebPage\",\"@id\":\"https:\\\/\\\/www.hotelvillaruimzicht.nl\\\/de\\\/uebernachten\\\/\",\"url\":\"https:\\\/\\\/www.hotelvillaruimzicht.nl\\\/de\\\/uebernachten\\\/\",\"name\":\"\u00dcbernachten - Hotel Villa Ruimzicht - Slapen bij Hotel Villa Ruimzicht\",\"isPartOf\":{\"@id\":\"https:\\\/\\\/www.hotelvillaruimzicht.nl\\\/de\\\/#website\"},\"datePublished\":\"2018-08-16T11:22:43+00:00\",\"dateModified\":\"2019-08-27T11:59:47+00:00\",\"description\":\"Profiteer van de laagste prijs garantie bij Hotel Villa Ruimzicht in Doetinchem. Comfortabel slapen in onze eigentijdse themakamers.\",\"breadcrumb\":{\"@id\":\"https:\\\/\\\/www.hotelvillaruimzicht.nl\\\/de\\\/uebernachten\\\/#breadcrumb\"},\"inLanguage\":\"de\",\"potentialAction\":[{\"@type\":\"ReadAction\",\"target\":[\"https:\\\/\\\/www.hotelvillaruimzicht.nl\\\/de\\\/uebernachten\\\/\"]}]},{\"@type\":\"BreadcrumbList\",\"@id\":\"https:\\\/\\\/www.hotelvillaruimzicht.nl\\\/de\\\/uebernachten\\\/#breadcrumb\",\"itemListElement\":[{\"@type\":\"ListItem\",\"position\":1,\"name\":\"Home\",\"item\":\"https:\\\/\\\/www.hotelvillaruimzicht.nl\\\/de\\\/\"},{\"@type\":\"ListItem\",\"position\":2,\"name\":\"\u00dcbernachten\"}]},{\"@type\":\"WebSite\",\"@id\":\"https:\\\/\\\/www.hotelvillaruimzicht.nl\\\/de\\\/#website\",\"url\":\"https:\\\/\\\/www.hotelvillaruimzicht.nl\\\/de\\\/\",\"name\":\"Hotel Villa Ruimzicht\",\"description\":\"Monumentaal hotel in Doetinchem\",\"publisher\":{\"@id\":\"https:\\\/\\\/www.hotelvillaruimzicht.nl\\\/de\\\/#organization\"},\"potentialAction\":[{\"@type\":\"SearchAction\",\"target\":{\"@type\":\"EntryPoint\",\"urlTemplate\":\"https:\\\/\\\/www.hotelvillaruimzicht.nl\\\/de\\\/?s={search_term_string}\"},\"query-input\":{\"@type\":\"PropertyValueSpecification\",\"valueRequired\":true,\"valueName\":\"search_term_string\"}}],\"inLanguage\":\"de\"},{\"@type\":\"Organization\",\"@id\":\"https:\\\/\\\/www.hotelvillaruimzicht.nl\\\/de\\\/#organization\",\"name\":\"Hotel Villa Ruimzicht\",\"url\":\"https:\\\/\\\/www.hotelvillaruimzicht.nl\\\/de\\\/\",\"logo\":{\"@type\":\"ImageObject\",\"inLanguage\":\"de\",\"@id\":\"https:\\\/\\\/www.hotelvillaruimzicht.nl\\\/de\\\/#\\\/schema\\\/logo\\\/image\\\/\",\"url\":\"https:\\\/\\\/www.hotelvillaruimzicht.nl\\\/wp-content\\\/uploads\\\/2023\\\/06\\\/cropped-Logo-VR-1.png\",\"contentUrl\":\"https:\\\/\\\/www.hotelvillaruimzicht.nl\\\/wp-content\\\/uploads\\\/2023\\\/06\\\/cropped-Logo-VR-1.png\",\"width\":512,\"height\":512,\"caption\":\"Hotel Villa Ruimzicht\"},\"image\":{\"@id\":\"https:\\\/\\\/www.hotelvillaruimzicht.nl\\\/de\\\/#\\\/schema\\\/logo\\\/image\\\/\"}}]}<\/script>\n<!-- \/ Yoast SEO plugin. -->","yoast_head_json":{"title":"\u00dcbernachten - Hotel Villa Ruimzicht - Slapen bij Hotel Villa Ruimzicht","description":"Profiteer van de laagste prijs garantie bij Hotel Villa Ruimzicht in Doetinchem. Comfortabel slapen in onze eigentijdse themakamers.","robots":{"index":"index","follow":"follow","max-snippet":"max-snippet:-1","max-image-preview":"max-image-preview:large","max-video-preview":"max-video-preview:-1"},"canonical":"https:\/\/www.hotelvillaruimzicht.nl\/de\/uebernachten\/","og_locale":"de_DE","og_type":"article","og_title":"\u00dcbernachten - Hotel Villa Ruimzicht - Slapen bij Hotel Villa Ruimzicht","og_description":"Profiteer van de laagste prijs garantie bij Hotel Villa Ruimzicht in Doetinchem. Comfortabel slapen in onze eigentijdse themakamers.","og_url":"https:\/\/www.hotelvillaruimzicht.nl\/de\/uebernachten\/","og_site_name":"Hotel Villa Ruimzicht","article_modified_time":"2019-08-27T11:59:47+00:00","twitter_card":"summary_large_image","twitter_misc":{"Gesch\u00e4tzte Lesezeit":"5\u00a0Minuten"},"schema":{"@context":"https:\/\/schema.org","@graph":[{"@type":"WebPage","@id":"https:\/\/www.hotelvillaruimzicht.nl\/de\/uebernachten\/","url":"https:\/\/www.hotelvillaruimzicht.nl\/de\/uebernachten\/","name":"\u00dcbernachten - Hotel Villa Ruimzicht - Slapen bij Hotel Villa Ruimzicht","isPartOf":{"@id":"https:\/\/www.hotelvillaruimzicht.nl\/de\/#website"},"datePublished":"2018-08-16T11:22:43+00:00","dateModified":"2019-08-27T11:59:47+00:00","description":"Profiteer van de laagste prijs garantie bij Hotel Villa Ruimzicht in Doetinchem. Comfortabel slapen in onze eigentijdse themakamers.","breadcrumb":{"@id":"https:\/\/www.hotelvillaruimzicht.nl\/de\/uebernachten\/#breadcrumb"},"inLanguage":"de","potentialAction":[{"@type":"ReadAction","target":["https:\/\/www.hotelvillaruimzicht.nl\/de\/uebernachten\/"]}]},{"@type":"BreadcrumbList","@id":"https:\/\/www.hotelvillaruimzicht.nl\/de\/uebernachten\/#breadcrumb","itemListElement":[{"@type":"ListItem","position":1,"name":"Home","item":"https:\/\/www.hotelvillaruimzicht.nl\/de\/"},{"@type":"ListItem","position":2,"name":"\u00dcbernachten"}]},{"@type":"WebSite","@id":"https:\/\/www.hotelvillaruimzicht.nl\/de\/#website","url":"https:\/\/www.hotelvillaruimzicht.nl\/de\/","name":"Hotel Villa Ruimzicht","description":"Monumentaal hotel in Doetinchem","publisher":{"@id":"https:\/\/www.hotelvillaruimzicht.nl\/de\/#organization"},"potentialAction":[{"@type":"SearchAction","target":{"@type":"EntryPoint","urlTemplate":"https:\/\/www.hotelvillaruimzicht.nl\/de\/?s={search_term_string}"},"query-input":{"@type":"PropertyValueSpecification","valueRequired":true,"valueName":"search_term_string"}}],"inLanguage":"de"},{"@type":"Organization","@id":"https:\/\/www.hotelvillaruimzicht.nl\/de\/#organization","name":"Hotel Villa Ruimzicht","url":"https:\/\/www.hotelvillaruimzicht.nl\/de\/","logo":{"@type":"ImageObject","inLanguage":"de","@id":"https:\/\/www.hotelvillaruimzicht.nl\/de\/#\/schema\/logo\/image\/","url":"https:\/\/www.hotelvillaruimzicht.nl\/wp-content\/uploads\/2023\/06\/cropped-Logo-VR-1.png","contentUrl":"https:\/\/www.hotelvillaruimzicht.nl\/wp-content\/uploads\/2023\/06\/cropped-Logo-VR-1.png","width":512,"height":512,"caption":"Hotel Villa Ruimzicht"},"image":{"@id":"https:\/\/www.hotelvillaruimzicht.nl\/de\/#\/schema\/logo\/image\/"}}]}},"_links":{"self":[{"href":"https:\/\/www.hotelvillaruimzicht.nl\/de\/wp-json\/wp\/v2\/pages\/3161","targetHints":{"allow":["GET"]}}],"collection":[{"href":"https:\/\/www.hotelvillaruimzicht.nl\/de\/wp-json\/wp\/v2\/pages"}],"about":[{"href":"https:\/\/www.hotelvillaruimzicht.nl\/de\/wp-json\/wp\/v2\/types\/page"}],"author":[{"embeddable":true,"href":"https:\/\/www.hotelvillaruimzicht.nl\/de\/wp-json\/wp\/v2\/users\/2"}],"replies":[{"embeddable":true,"href":"https:\/\/www.hotelvillaruimzicht.nl\/de\/wp-json\/wp\/v2\/comments?post=3161"}],"version-history":[{"count":13,"href":"https:\/\/www.hotelvillaruimzicht.nl\/de\/wp-json\/wp\/v2\/pages\/3161\/revisions"}],"predecessor-version":[{"id":3223,"href":"https:\/\/www.hotelvillaruimzicht.nl\/de\/wp-json\/wp\/v2\/pages\/3161\/revisions\/3223"}],"wp:attachment":[{"href":"https:\/\/www.hotelvillaruimzicht.nl\/de\/wp-json\/wp\/v2\/media?parent=3161"}],"curies":[{"name":"wp","href":"https:\/\/api.w.org\/{rel}","templated":true}]}}